{"id":990,"date":"2018-10-28T14:26:43","date_gmt":"2018-10-28T13:26:43","guid":{"rendered":"https:\/\/quazar.sk\/?page_id=990"},"modified":"2019-12-27T18:38:00","modified_gmt":"2019-12-27T17:38:00","slug":"certifikaty","status":"publish","type":"page","link":"https:\/\/quazar.sk\/?page_id=990","title":{"rendered":"Certifik\u00e1ty"},"content":{"rendered":"<p>[vc_row][vc_column][vc_tta_tabs shape=&#8220;round&#8220; spacing=&#8220;&#8220; gap=&#8220;10&#8243; alignment=&#8220;center&#8220; active_section=&#8220;1&#8243; no_fill_content_area=&#8220;true&#8220;][vc_tta_section i_icon_fontawesome=&#8220;fa fa-shield&#8220; add_icon=&#8220;true&#8220; title=&#8220;Syst\u00e9m mana\u017e\u00e9rstva bezpe\u010dnosti a ochrany zdravia pri pr\u00e1ci&#8220; tab_id=&#8220;1540733920162-c516b1a2-1bd7&#8243;][vc_single_image image=&#8220;1452&#8243; img_size=&#8220;full&#8220; alignment=&#8220;center&#8220;][\/vc_tta_section][vc_tta_section i_icon_fontawesome=&#8220;fa fa-leaf&#8220; add_icon=&#8220;true&#8220; title=&#8220;Syst\u00e9m enviroment\u00e1lneho mana\u017e\u00e9rstva&#8220; tab_id=&#8220;1540733920177-be79d3c5-c6a2&#8243;][vc_single_image image=&#8220;1451&#8243; img_size=&#8220;full&#8220; alignment=&#8220;center&#8220;][\/vc_tta_section][vc_tta_section i_icon_fontawesome=&#8220;fa fa-star&#8220; add_icon=&#8220;true&#8220; title=&#8220;Syst\u00e9m mana\u017e\u00e9rstva kvality&#8220; tab_id=&#8220;1540734025377-52be106f-ffe7&#8243;][vc_single_image image=&#8220;1450&#8243; img_size=&#8220;full&#8220; alignment=&#8220;center&#8220;][\/vc_tta_section][vc_tta_section i_icon_fontawesome=&#8220;fa fa-recycle&#8220; add_icon=&#8220;true&#8220; title=&#8220;Recykl\u00e1cia a spracovanie elektroodpadu&#8220; tab_id=&#8220;1542578031111-26daff9a-75b2&#8243;][vc_single_image image=&#8220;1179&#8243; img_size=&#8220;full&#8220;][\/vc_tta_section][\/vc_tta_tabs][\/vc_column][\/vc_row]<\/p>\n","protected":false},"excerpt":{"rendered":"<p>[vc_row][vc_column][vc_tta_tabs shape=&#8220;round&#8220; spacing=&#8220;&#8220; gap=&#8220;10&#8243; alignment=&#8220;center&#8220; active_section=&#8220;1&#8243; no_fill_content_area=&#8220;true&#8220;][vc_tta_section i_icon_fontawesome=&#8220;fa fa-shield&#8220; add_icon=&#8220;true&#8220; title=&#8220;Syst\u00e9m mana\u017e\u00e9rstva bezpe\u010dnosti a ochrany zdravia pri pr\u00e1ci&#8220; tab_id=&#8220;1540733920162-c516b1a2-1bd7&#8243;][vc_single_image image=&#8220;1452&#8243; img_size=&#8220;full&#8220; alignment=&#8220;center&#8220;][\/vc_tta_section][vc_tta_section i_icon_fontawesome=&#8220;fa fa-leaf&#8220; add_icon=&#8220;true&#8220; title=&#8220;Syst\u00e9m enviroment\u00e1lneho mana\u017e\u00e9rstva&#8220; tab_id=&#8220;1540733920177-be79d3c5-c6a2&#8243;][vc_single_image image=&#8220;1451&#8243; img_size=&#8220;full&#8220; alignment=&#8220;center&#8220;][\/vc_tta_section][vc_tta_section i_icon_fontawesome=&#8220;fa fa-star&#8220; add_icon=&#8220;true&#8220; title=&#8220;Syst\u00e9m mana\u017e\u00e9rstva kvality&#8220; tab_id=&#8220;1540734025377-52be106f-ffe7&#8243;][vc_single_image image=&#8220;1450&#8243;&#8230;<\/p>\n","protected":false},"author":1,"featured_media":0,"parent":0,"menu_order":0,"comment_status":"closed","ping_status":"closed","template":"","meta":[],"aioseo_notices":[],"post_mailing_queue_ids":[],"_links":{"self":[{"href":"https:\/\/quazar.sk\/index.php?rest_route=\/wp\/v2\/pages\/990"}],"collection":[{"href":"https:\/\/quazar.sk\/index.php?rest_route=\/wp\/v2\/pages"}],"about":[{"href":"https:\/\/quazar.sk\/index.php?rest_route=\/wp\/v2\/types\/page"}],"author":[{"embeddable":true,"href":"https:\/\/quazar.sk\/index.php?rest_route=\/wp\/v2\/users\/1"}],"replies":[{"embeddable":true,"href":"https:\/\/quazar.sk\/index.php?rest_route=%2Fwp%2Fv2%2Fcomments&post=990"}],"version-history":[{"count":26,"href":"https:\/\/quazar.sk\/index.php?rest_route=\/wp\/v2\/pages\/990\/revisions"}],"predecessor-version":[{"id":1453,"href":"https:\/\/quazar.sk\/index.php?rest_route=\/wp\/v2\/pages\/990\/revisions\/1453"}],"wp:attachment":[{"href":"https:\/\/quazar.sk\/index.php?rest_route=%2Fwp%2Fv2%2Fmedia&parent=990"}],"curies":[{"name":"wp","href":"https:\/\/api.w.org\/{rel}","templated":true}]}}