{"id":986,"date":"2018-10-28T14:25:51","date_gmt":"2018-10-28T13:25:51","guid":{"rendered":"https:\/\/quazar.sk\/?page_id=986"},"modified":"2018-11-19T00:46:29","modified_gmt":"2018-11-18T23:46:29","slug":"kariera","status":"publish","type":"page","link":"https:\/\/quazar.sk\/?page_id=986","title":{"rendered":"Kari\u00e9ra"},"content":{"rendered":"<p>[vc_row][vc_column][vc_tta_accordion][vc_tta_section i_icon_fontawesome=&#8220;fa fa-wrench&#8220; add_icon=&#8220;true&#8220; title=&#8220;Elektrik\u00e1r &#8211; elektroin\u0161tal\u00e1cie&#8220; tab_id=&#8220;1542584121088-8319d822-6325&#8243;][vc_row_inner][vc_column_inner][vc_column_text]<\/p>\n<h4>Inform\u00e1cie o pracovnom mieste<\/h4>\n<p><strong>N\u00e1pl\u0148 pr\u00e1ce, pr\u00e1vomoci a zodpovednosti<\/strong><br \/>\nPr\u00edprava a riadenie realiz\u00e1cie projektov elektrick\u00fdch in\u0161tal\u00e1ci\u00ed, organizovanie mont\u00e1\u017enych parti\u00ed.<br \/>\nV\u00fdber a objedn\u00e1vanie materi\u00e1lu na realiz\u00e1ciu, evidencia spotrebovan\u00e9ho materi\u00e1lu na stavbe.<br \/>\nSpracovanie podkladov vykonan\u00fdch pr\u00e1c a odpracovan\u00fdch hod\u00edn.<br \/>\nVedenie stavebn\u00e9ho denn\u00edka, komunik\u00e1cia so stavebn\u00fdm dozorom.<br \/>\nDrobn\u00e9 elektroin\u0161tala\u010dn\u00e9 pr\u00e1ce.<\/p>\n<p><strong>Zamestnaneck\u00e9 v\u00fdhody, benefity<\/strong><br \/>\nMobiln\u00fd telef\u00f3n po dohode aj na s\u00fakromn\u00e9 \u00fa\u010dely.<br \/>\nPo zapracovan\u00ed mo\u017enos\u0165 dohody na in\u00fdch benefitoch.<\/p>\n<p><strong>Inform\u00e1cie o v\u00fdberovom konan\u00ed<\/strong><br \/>\n\u017divotopisy a sprievodn\u00e9 listy zasielajte emailom.<br \/>\nTelefonicky bud\u00fa kontaktovan\u00ed len uch\u00e1dza\u010di pozvan\u00ed na osobn\u00fd pracovn\u00fd pohovor.<\/p>\n<p><strong>Predpokladan\u00fd term\u00edn ukon\u010denia v\u00fdberov\u00e9ho konania<\/strong><br \/>\n30.11.2018<\/p>\n<p><strong>Po\u017eiadavky na zamestnanca<\/strong><br \/>\nPoz\u00edcii vyhovuj\u00fa uch\u00e1dza\u010di so vzdelan\u00edm<br \/>\nstredo\u0161kolsk\u00e9 s maturitou<br \/>\nnadstavbov\u00e9\/vy\u0161\u0161ie odborn\u00e9 vzdelanie<br \/>\nVzdelanie v odbore<br \/>\nElektrotechnika<br \/>\nOstatn\u00e9 znalosti<br \/>\nMicrosoft Excel &#8211; z\u00e1klady<br \/>\nVodi\u010dsk\u00fd preukaz<br \/>\nB<br \/>\nPo\u010det rokov praxe<br \/>\n2<\/p>\n<p><strong>Osobnostn\u00e9 predpoklady a zru\u010dnosti<\/strong><br \/>\nSamostatn\u00e9 jednanie a vystupovanie.<br \/>\nProakt\u00edvny pr\u00edstup rie\u0161enia zveren\u00fdch \u00faloh a po\u017eiadaviek.<\/p>\n<p>\u00a722 Vyhl.508\/2009 podmienkou, \u00a723 alebo \u00a724 (rev\u00edzny technik) v\u00fdhodou.<br \/>\nMo\u017enos\u0165 osobn\u00e9ho rastu v oblasti elektrotechniky a elektrick\u00fdch in\u0161tal\u00e1ci\u00ed.[\/vc_column_text][\/vc_column_inner][\/vc_row_inner][\/vc_tta_section][vc_tta_section i_icon_fontawesome=&#8220;fa fa-folder-open&#8220; add_icon=&#8220;true&#8220; title=&#8220;Administrat\u00edvny pracovn\u00edk\/\u010dka&#8220; tab_id=&#8220;1542584121105-f998641c-1074&#8243;][\/vc_tta_section][\/vc_tta_accordion][\/vc_column][\/vc_row]<\/p>\n","protected":false},"excerpt":{"rendered":"<p>[vc_row][vc_column][vc_tta_accordion][vc_tta_section i_icon_fontawesome=&#8220;fa fa-wrench&#8220; add_icon=&#8220;true&#8220; title=&#8220;Elektrik\u00e1r &#8211; elektroin\u0161tal\u00e1cie&#8220; tab_id=&#8220;1542584121088-8319d822-6325&#8243;][vc_row_inner][vc_column_inner][vc_column_text] Inform\u00e1cie o pracovnom mieste N\u00e1pl\u0148 pr\u00e1ce, pr\u00e1vomoci a zodpovednosti Pr\u00edprava a riadenie realiz\u00e1cie projektov elektrick\u00fdch in\u0161tal\u00e1ci\u00ed, organizovanie mont\u00e1\u017enych parti\u00ed. V\u00fdber a objedn\u00e1vanie materi\u00e1lu na realiz\u00e1ciu, evidencia spotrebovan\u00e9ho materi\u00e1lu na stavbe. Spracovanie podkladov&#8230;<\/p>\n","protected":false},"author":1,"featured_media":0,"parent":0,"menu_order":0,"comment_status":"closed","ping_status":"closed","template":"","meta":[],"aioseo_notices":[],"post_mailing_queue_ids":[],"_links":{"self":[{"href":"https:\/\/quazar.sk\/index.php?rest_route=\/wp\/v2\/pages\/986"}],"collection":[{"href":"https:\/\/quazar.sk\/index.php?rest_route=\/wp\/v2\/pages"}],"about":[{"href":"https:\/\/quazar.sk\/index.php?rest_route=\/wp\/v2\/types\/page"}],"author":[{"embeddable":true,"href":"https:\/\/quazar.sk\/index.php?rest_route=\/wp\/v2\/users\/1"}],"replies":[{"embeddable":true,"href":"https:\/\/quazar.sk\/index.php?rest_route=%2Fwp%2Fv2%2Fcomments&post=986"}],"version-history":[{"count":6,"href":"https:\/\/quazar.sk\/index.php?rest_route=\/wp\/v2\/pages\/986\/revisions"}],"predecessor-version":[{"id":1200,"href":"https:\/\/quazar.sk\/index.php?rest_route=\/wp\/v2\/pages\/986\/revisions\/1200"}],"wp:attachment":[{"href":"https:\/\/quazar.sk\/index.php?rest_route=%2Fwp%2Fv2%2Fmedia&parent=986"}],"curies":[{"name":"wp","href":"https:\/\/api.w.org\/{rel}","templated":true}]}}