{"id":65,"date":"2018-10-03T07:47:13","date_gmt":"2018-10-03T07:47:13","guid":{"rendered":"http:\/\/jthemes.org\/wp\/genemy\/creative\/?page_id=65"},"modified":"2019-11-15T12:21:12","modified_gmt":"2019-11-15T11:21:12","slug":"spolocnost","status":"publish","type":"page","link":"https:\/\/quazar.sk\/?page_id=65","title":{"rendered":"O spolo\u010dnosti"},"content":{"rendered":"<p>[vc_section][vc_row][vc_column el_class=&#8220;.red1&#8243;][genemy_about_us image=&#8220;https:\/\/quazar.sk\/wp-content\/uploads\/2018\/11\/montaz_ziarovky_doma_quazar.jpg&#8220; subtitle=&#8220;PROFIL SPOLO\u010cNOSTI&#8220; title=&#8220;SPOLO\u010cNOS\u0164 S {DLHORO\u010cNOU} TRAD\u00cdCIOU&#8220; lead_text=&#8220;Na\u0161a firma si za viac ako dve desa\u0165ro\u010dia existencie vybudovala siln\u00e9 meno na z\u00e1klade dlhoro\u010dn\u00fdch sk\u00fasenost\u00ed, kvalitne a odborne vykonan\u00fdch pr\u00e1c u stoviek spokojn\u00fdch klientov. V\u010faka \u013eudsk\u00e9mu a profesion\u00e1lnemu pr\u00edstupu na\u0161ich zamestnancov, pri poskytovan\u00ed 5-ro\u010dnej z\u00e1ruky na v\u0161etky poskytnut\u00e9 slu\u017eby sme ozna\u010dovan\u00ed za spo\u013eahliv\u00e9ho a seri\u00f3zneho obchodn\u00e9ho partnera.&#8220; title2=&#8220;\u010co v\u0161etko rob\u00edme:&#8220; strategy_list=&#8220;%5B%7B%22title%22%3A%22Vysek%C3%A1me%20dr%C3%A1%C5%BEky%20do%20stien.%22%7D%2C%7B%22title%22%3A%22Poriadne%20natiahneme%20k%C3%A1ble.%22%7D%2C%7B%22title%22%3A%22Vyberieme%20spr%C3%A1vne%20elektroin%C5%A1tala%C4%8Dn%C3%A9%20pr%C3%ADslu%C5%A1enstvo%20a%20komponenty.%22%7D%2C%7B%22title%22%3A%22Zrealizujeme%20samotn%C3%BA%20elektroin%C5%A1tal%C3%A1ciu.%22%7D%2C%7B%22title%22%3A%22Vykon%C3%A1me%20rev%C3%ADzne%20prehliadky.%22%7D%2C%7B%22title%22%3A%22Zastre%C5%A1%C3%ADme%20prevent%C3%ADvne%20kontroly%20vo%20v%C3%BDmenn%C3%ADkov%C3%BDch%20staniciach.%22%7D%5D&#8220; display=&#8220;counter&#8220; counter_group=&#8220;%5B%5D&#8220;][\/vc_column][\/vc_row][\/vc_section][vc_section bg_class=&#8220;bg-lightgrey&#8220; css=&#8220;.vc_custom_1542575495216{background-image: url(https:\/\/quazar.sk\/wp-content\/uploads\/2018\/11\/sluzby_kvalitna_elektro_instalacia_quazar.jpg?id=1116) !important;background-position: center !important;background-repeat: no-repeat !important;background-size: cover !important;}&#8220;][vc_row el_class=&#8220;.white&#8220;][vc_column el_class=&#8220;white&#8220;][genemy_why_choose image=&#8220;&#8220; subtitle=&#8220;SPO\u013dAHLIVO, BEZPE\u010cNE A INTELIGENTNE&#8220; title=&#8220;PRE\u010cO SI {NAJA\u0164} N\u00c1S?&#8220; lead_text=&#8220;S elektroin\u0161tal\u00e1ciami prich\u00e1dzame do kontaktu dennodenne. D\u00e1 sa poveda\u0165, \u017ee v dne\u0161nej dobe by sme bez elektrickej energie nevedeli existova\u0165 alebo fungova\u0165. Aby Va\u0161a dom\u00e1cnos\u0165, kancel\u00e1ria alebo v\u00fdrobn\u00e1 hala mohla fungova\u0165, okrem dod\u00e1vky elektrickej energie budete potrebova\u0165 kompletn\u00fa elektroin\u0161tal\u00e1ciu. Tak\u00fa, ktor\u00e1 funguje spo\u013eahlivo, bezpe\u010dne a v dne\u0161nej modernej dobre aj inteligentne. Ak chcete, aby Va\u0161a nehnute\u013enos\u0165 tieto d\u00f4le\u017eit\u00e9 vlastnosti sp\u013a\u0148ala, tak si najmite odborn\u00edkov, najmite si n\u00e1s.&#8220; title2=&#8220;&#8220; strategy_list=&#8220;%5B%7B%7D%5D&#8220; list_display=&#8220;&#8220; display=&#8220;none&#8220;][\/vc_column][\/vc_row][\/vc_section]<\/p>\n","protected":false},"excerpt":{"rendered":"<p>[vc_section][vc_row][vc_column el_class=&#8220;.red1&#8243;][genemy_about_us image=&#8220;https:\/\/quazar.sk\/wp-content\/uploads\/2018\/11\/montaz_ziarovky_doma_quazar.jpg&#8220; subtitle=&#8220;PROFIL SPOLO\u010cNOSTI&#8220; title=&#8220;SPOLO\u010cNOS\u0164 S {DLHORO\u010cNOU} TRAD\u00cdCIOU&#8220; lead_text=&#8220;Na\u0161a firma si za viac ako dve desa\u0165ro\u010dia existencie vybudovala siln\u00e9 meno na z\u00e1klade dlhoro\u010dn\u00fdch sk\u00fasenost\u00ed, kvalitne a odborne vykonan\u00fdch pr\u00e1c u stoviek spokojn\u00fdch klientov. V\u010faka \u013eudsk\u00e9mu a profesion\u00e1lnemu pr\u00edstupu na\u0161ich&#8230;<\/p>\n","protected":false},"author":1,"featured_media":0,"parent":0,"menu_order":0,"comment_status":"closed","ping_status":"closed","template":"templates\/vc-template.php","meta":[],"aioseo_notices":[],"post_mailing_queue_ids":[],"_links":{"self":[{"href":"https:\/\/quazar.sk\/index.php?rest_route=\/wp\/v2\/pages\/65"}],"collection":[{"href":"https:\/\/quazar.sk\/index.php?rest_route=\/wp\/v2\/pages"}],"about":[{"href":"https:\/\/quazar.sk\/index.php?rest_route=\/wp\/v2\/types\/page"}],"author":[{"embeddable":true,"href":"https:\/\/quazar.sk\/index.php?rest_route=\/wp\/v2\/users\/1"}],"replies":[{"embeddable":true,"href":"https:\/\/quazar.sk\/index.php?rest_route=%2Fwp%2Fv2%2Fcomments&post=65"}],"version-history":[{"count":33,"href":"https:\/\/quazar.sk\/index.php?rest_route=\/wp\/v2\/pages\/65\/revisions"}],"predecessor-version":[{"id":1434,"href":"https:\/\/quazar.sk\/index.php?rest_route=\/wp\/v2\/pages\/65\/revisions\/1434"}],"wp:attachment":[{"href":"https:\/\/quazar.sk\/index.php?rest_route=%2Fwp%2Fv2%2Fmedia&parent=65"}],"curies":[{"name":"wp","href":"https:\/\/api.w.org\/{rel}","templated":true}]}}